{"id":20951,"date":"2023-03-06T22:02:20","date_gmt":"2023-03-06T21:02:20","guid":{"rendered":"https:\/\/m2seco.com\/?page_id=20951"},"modified":"2023-03-07T11:46:22","modified_gmt":"2023-03-07T10:46:22","slug":"about_us","status":"publish","type":"page","link":"https:\/\/m2safrica.com\/en\/about_us\/","title":{"rendered":"Qui Somme Nous ?"},"content":{"rendered":"<div data-elementor-type=\"wp-page\" data-elementor-id=\"20951\" class=\"elementor elementor-20951\">\n\t\t\t\t\t\t<section class=\"elementor-section elementor-top-section elementor-element elementor-element-adec575 elementor-section-full_width elementor-section-stretched elementor-section-height-default elementor-section-height-default sc_fly_static\" data-id=\"adec575\" data-element_type=\"section\" data-e-type=\"section\" data-settings=\"{&quot;background_background&quot;:&quot;classic&quot;,&quot;stretch_section&quot;:&quot;section-stretched&quot;}\">\n\t\t\t\t\t\t<div class=\"elementor-container elementor-column-gap-extended\">\n\t\t\t\t\t<div class=\"elementor-column elementor-col-100 elementor-top-column elementor-element elementor-element-a94d2cf sc_inner_width_none sc_content_align_inherit sc_layouts_column_icons_position_left sc_fly_static\" data-id=\"a94d2cf\" data-element_type=\"column\" data-e-type=\"column\">\n\t\t\t<div class=\"elementor-widget-wrap elementor-element-populated\">\n\t\t\t\t\t\t<div class=\"elementor-element elementor-element-54a4071 sc_fly_static elementor-widget elementor-widget-spacer\" data-id=\"54a4071\" data-element_type=\"widget\" data-e-type=\"widget\" data-widget_type=\"spacer.default\">\n\t\t\t\t<div class=\"elementor-widget-container\">\n\t\t\t\t\t\t\t<div class=\"elementor-spacer\">\n\t\t\t<div class=\"elementor-spacer-inner\"><\/div>\n\t\t<\/div>\n\t\t\t\t\t\t<\/div>\n\t\t\t\t<\/div>\n\t\t\t\t\t<\/div>\n\t\t<\/div>\n\t\t\t\t\t<\/div>\n\t\t<\/section>\n\t\t\t\t<section class=\"elementor-section elementor-top-section elementor-element elementor-element-06f9b34 elementor-section-stretched elementor-section-boxed elementor-section-height-default elementor-section-height-default animation_type_block sc_fly_static elementor-invisible\" data-id=\"06f9b34\" data-element_type=\"section\" data-e-type=\"section\" data-settings=\"{&quot;stretch_section&quot;:&quot;section-stretched&quot;,&quot;background_background&quot;:&quot;classic&quot;,&quot;animation&quot;:&quot;fadeInLeft&quot;}\">\n\t\t\t\t\t\t<div class=\"elementor-container elementor-column-gap-extended\">\n\t\t\t\t\t<div class=\"elementor-column elementor-col-100 elementor-top-column elementor-element elementor-element-7fd6c96 sc_inner_width_none sc_content_align_inherit sc_layouts_column_icons_position_left sc_fly_static\" data-id=\"7fd6c96\" data-element_type=\"column\" data-e-type=\"column\">\n\t\t\t<div class=\"elementor-widget-wrap elementor-element-populated\">\n\t\t\t\t\t\t<div class=\"elementor-element elementor-element-910c8bd sc_fly_static elementor-widget elementor-widget-spacer\" data-id=\"910c8bd\" data-element_type=\"widget\" data-e-type=\"widget\" data-widget_type=\"spacer.default\">\n\t\t\t\t<div class=\"elementor-widget-container\">\n\t\t\t\t\t\t\t<div class=\"elementor-spacer\">\n\t\t\t<div class=\"elementor-spacer-inner\"><\/div>\n\t\t<\/div>\n\t\t\t\t\t\t<\/div>\n\t\t\t\t<\/div>\n\t\t\t\t<div class=\"elementor-element elementor-element-f3e4705 sc_fly_static elementor-widget elementor-widget-heading\" data-id=\"f3e4705\" data-element_type=\"widget\" data-e-type=\"widget\" data-widget_type=\"heading.default\">\n\t\t\t\t<div class=\"elementor-widget-container\">\n\t\t\t\t\t<h1 class=\"elementor-heading-title elementor-size-default\">Who are we ?<\/h1>\t\t\t\t<\/div>\n\t\t\t\t<\/div>\n\t\t\t\t\t<\/div>\n\t\t<\/div>\n\t\t\t\t\t<\/div>\n\t\t<\/section>\n\t\t<div class=\"elementor-element elementor-element-4f860f6 e-flex e-con-boxed e-con e-parent\" data-id=\"4f860f6\" data-element_type=\"container\" data-e-type=\"container\">\n\t\t\t\t\t<div class=\"e-con-inner\">\n\t\t\t\t<div class=\"elementor-element elementor-element-db91867 sc_fly_static elementor-widget elementor-widget-text-editor\" data-id=\"db91867\" data-element_type=\"widget\" data-e-type=\"widget\" data-widget_type=\"text-editor.default\">\n\t\t\t\t<div class=\"elementor-widget-container\">\n\t\t\t\t\t\t\t\t\t<p><strong>M2s solutions<\/strong>\u00a0est une entreprise sp\u00e9cialis\u00e9e dans la mise en place de syst\u00e8mes de traitement \u00e9cologique de diff\u00e9rents types d\u2019\u00e9nergie. Nous int\u00e9grons des solutions comme le\u00a0<strong>MAGNETIZER<\/strong>, le magn\u00e9tiseur le plus efficace au monde pour le traitement \u00e9cologique de diff\u00e9rents types d\u2019\u00e9nergie.<\/p><p>Nous fournissons des anneaux magn\u00e9tiques qui agissent sur tous les types d\u2019\u00e9nergie. Ils r\u00e9duisent les \u00e9missions et la consommation et pr\u00e9servent la motorisation en purifiant l\u2019ensemble du circuit (air, eau et carburant ou autre). Un kit est constitu\u00e9 en fonction de la machine ou de l\u2019application industrielle.<\/p><p>Our goal is to help you reduce your environmental impact by using less fuel and reducing your emissions. Our services are available for individuals looking to reduce their carbon footprint or businesses looking to improve efficiency and reduce costs.<\/p><p>Nous r\u00e9duisons les co\u00fbts et la consommation de carburant de 10 \u00e0 30 % chaque ann\u00e9e. Nous r\u00e9duisons les \u00e9missions de monoxyde de carbone et d\u2019hydrocarbures de plus de 60% et les \u00e9missions d\u2019oxyde d\u2019azote de plus de 10%.<\/p>\t\t\t\t\t\t\t\t<\/div>\n\t\t\t\t<\/div>\n\t\t\t\t\t<\/div>\n\t\t\t\t<\/div>\n\t\t\t\t<\/div>","protected":false},"excerpt":{"rendered":"<p>Qui Sommes Nous ? M2s solutions\u00a0est une entreprise sp\u00e9cialis\u00e9e dans la mise en place de syst\u00e8mes de traitement \u00e9cologique de diff\u00e9rents types d\u2019\u00e9nergie. Nous int\u00e9grons des solutions comme le\u00a0MAGNETIZER, le&hellip;<\/p>","protected":false},"author":2,"featured_media":0,"parent":0,"menu_order":0,"comment_status":"closed","ping_status":"closed","template":"elementor_header_footer","meta":{"footnotes":""},"class_list":["post-20951","page","type-page","status-publish","hentry"],"_links":{"self":[{"href":"https:\/\/m2safrica.com\/en\/wp-json\/wp\/v2\/pages\/20951","targetHints":{"allow":["GET"]}}],"collection":[{"href":"https:\/\/m2safrica.com\/en\/wp-json\/wp\/v2\/pages"}],"about":[{"href":"https:\/\/m2safrica.com\/en\/wp-json\/wp\/v2\/types\/page"}],"author":[{"embeddable":true,"href":"https:\/\/m2safrica.com\/en\/wp-json\/wp\/v2\/users\/2"}],"replies":[{"embeddable":true,"href":"https:\/\/m2safrica.com\/en\/wp-json\/wp\/v2\/comments?post=20951"}],"version-history":[{"count":14,"href":"https:\/\/m2safrica.com\/en\/wp-json\/wp\/v2\/pages\/20951\/revisions"}],"predecessor-version":[{"id":20971,"href":"https:\/\/m2safrica.com\/en\/wp-json\/wp\/v2\/pages\/20951\/revisions\/20971"}],"wp:attachment":[{"href":"https:\/\/m2safrica.com\/en\/wp-json\/wp\/v2\/media?parent=20951"}],"curies":[{"name":"wp","href":"https:\/\/api.w.org\/{rel}","templated":true}]}}